{"id":55,"date":"2024-03-14T19:16:52","date_gmt":"2024-03-14T23:16:52","guid":{"rendered":"https:\/\/welcometothelight.com\/?page_id=55"},"modified":"2024-04-14T21:44:59","modified_gmt":"2024-04-15T01:44:59","slug":"input-order","status":"publish","type":"page","link":"https:\/\/welcometothelight.com\/es\/input-order\/","title":{"rendered":"Input Order"},"content":{"rendered":"<div data-elementor-type=\"wp-page\" data-elementor-id=\"55\" class=\"elementor elementor-55\" data-elementor-post-type=\"page\">\n\t\t\t\t<div class=\"elementor-element elementor-element-0720502 e-flex e-con-boxed e-con e-parent\" data-id=\"0720502\" data-element_type=\"container\" data-e-type=\"container\" data-settings=\"{&quot;background_background&quot;:&quot;classic&quot;}\">\n\t\t\t\t\t<div class=\"e-con-inner\">\n\t\t\t\t<div class=\"elementor-element elementor-element-5dfbcbf elementor-widget elementor-widget-heading\" data-id=\"5dfbcbf\" data-element_type=\"widget\" data-e-type=\"widget\" data-widget_type=\"heading.default\">\n\t\t\t\t<div class=\"elementor-widget-container\">\n\t\t\t\t\t<h2 class=\"elementor-heading-title elementor-size-default\">Oficina EVOLVE<\/h2>\t\t\t\t<\/div>\n\t\t\t\t<\/div>\n\t\t\t\t<div class=\"elementor-element elementor-element-ff84d54 elementor-widget elementor-widget-heading\" data-id=\"ff84d54\" data-element_type=\"widget\" data-e-type=\"widget\" data-widget_type=\"heading.default\">\n\t\t\t\t<div class=\"elementor-widget-container\">\n\t\t\t\t\t<h4 class=\"elementor-heading-title elementor-size-default\">Donde \"aprovechamos el poder del 3\"<\/h4>\t\t\t\t<\/div>\n\t\t\t\t<\/div>\n\t\t\t\t\t<\/div>\n\t\t\t\t<\/div>\n\t\t<div class=\"elementor-element elementor-element-efa5c75 e-flex e-con-boxed e-con e-parent\" data-id=\"efa5c75\" data-element_type=\"container\" data-e-type=\"container\">\n\t\t\t\t\t<div class=\"e-con-inner\">\n\t\t\t\t<div class=\"elementor-element elementor-element-8a1f02f elementor-widget elementor-widget-heading\" data-id=\"8a1f02f\" data-element_type=\"widget\" data-e-type=\"widget\" data-widget_type=\"heading.default\">\n\t\t\t\t<div class=\"elementor-widget-container\">\n\t\t\t\t\t<h3 class=\"elementor-heading-title elementor-size-default\">Ingrese el pedido<\/h3>\t\t\t\t<\/div>\n\t\t\t\t<\/div>\n\t\t\t\t<div class=\"elementor-element elementor-element-171f36e elementor-widget elementor-widget-text-editor\" data-id=\"171f36e\" data-element_type=\"widget\" data-e-type=\"widget\" data-widget_type=\"text-editor.default\">\n\t\t\t\t<div class=\"elementor-widget-container\">\n\t\t\t\t\t\t\t\t\t<p style=\"text-align: center;\"><strong>C\u00f3mo introducir un pedido<\/strong><br \/>(10 minutos)<\/p><p style=\"text-align: center;\"><a href=\"https:\/\/start333biz.com\/d\/HowToInput-AnOrder.mp4\" target=\"_blank\" rel=\"noopener\"><strong>https:\/\/start333biz.com\/d\/HowToInput-AnOrder.mp4<\/strong><\/a><\/p><p style=\"text-align: center;\"><strong>Descripci\u00f3n general del back office<\/strong><br \/>(15 minutos)<\/p><p style=\"text-align: center;\"><a href=\"https:\/\/start333biz.com\/d\/BackOffice-Overview.mp4\" target=\"_blank\" rel=\"noopener\"><strong>https:\/\/start333biz.com\/d\/BackOffice-Overview.mp4<\/strong><\/a><\/p><p style=\"text-align: center;\"><strong>C\u00f3mo configurar el env\u00edo autom\u00e1tico<\/strong><br \/>(5 minutos)<\/p><p style=\"text-align: center;\"><a href=\"https:\/\/start333biz.com\/d\/HowToSetUp-AutoShip.mp4\" target=\"_blank\" rel=\"noopener\"><strong>https:\/\/start333biz.com\/d\/HowToSetUp-AutoShip.mp4<\/strong><\/a><\/p><p style=\"text-align: center;\"><strong>Uso de las herramientas del back office<\/strong><br \/>(45 minutos)<\/p><p style=\"text-align: center;\"><a href=\"https:\/\/start333biz.com\/d\/UsingTheTools-OfTheBackOffice.mp4\" target=\"_blank\" rel=\"noopener\"><strong>https:\/\/start333biz.com\/d\/UsingTheTools-OfTheBackOffice.mp4<\/strong><\/a><\/p><p style=\"text-align: center;\"><strong>\u00bfA\u00fan necesita ayuda para ingresar su pedido?<\/strong><\/p><p style=\"text-align: center;\">Haga clic en el enlace a continuaci\u00f3n para llamar al servicio al cliente de Lifewave y ellos le ayudar\u00e1n.<\/p><p style=\"text-align: center;\"><a href=\"https:\/\/start333biz.com\/d\/CompanyInformation.html\" target=\"_blank\" rel=\"noopener\"><strong>https:\/\/start333biz.com\/d\/CompanyInformation.html<\/strong><\/a><\/p>\t\t\t\t\t\t\t\t<\/div>\n\t\t\t\t<\/div>\n\t\t\t\t\t<\/div>\n\t\t\t\t<\/div>\n\t\t\t\t<\/div>","protected":false},"excerpt":{"rendered":"<p>EVOLVE Office Where we &#8220;Work the Power of 3&#8221; Input the Order How To Input An Order(10 minutes) https:\/\/start333biz.com\/d\/HowToInput-AnOrder.mp4 Back Office Overview(15 minutes) https:\/\/start333biz.com\/d\/BackOffice-Overview.mp4 How To Setup Autoship(5 minutes) https:\/\/start333biz.com\/d\/HowToSetUp-AutoShip.mp4 Using The Tools Of The Back Office(45 minutes) https:\/\/start333biz.com\/d\/UsingTheTools-OfTheBackOffice.mp4 Still Need Help Inputting Your Order? Click The Link Below To Call Lifewave Customer Service And [&hellip;]<\/p>\n","protected":false},"author":1,"featured_media":0,"parent":0,"menu_order":0,"comment_status":"closed","ping_status":"closed","template":"","meta":{"site-sidebar-layout":"no-sidebar","site-content-layout":"page-builder","ast-site-content-layout":"full-width-container","site-content-style":"default","site-sidebar-style":"default","ast-global-header-display":"","ast-banner-title-visibility":"","ast-main-header-display":"","ast-hfb-above-header-display":"","ast-hfb-below-header-display":"","ast-hfb-mobile-header-display":"","site-post-title":"disabled","ast-breadcrumbs-content":"","ast-featured-img":"disabled","footer-sml-layout":"","ast-disable-related-posts":"","theme-transparent-header-meta":"","adv-header-id-meta":"","stick-header-meta":"","header-above-stick-meta":"","header-main-stick-meta":"","header-below-stick-meta":"","astra-migrate-meta-layouts":"set","ast-page-background-enabled":"default","ast-page-background-meta":{"desktop":{"background-color":"","background-image":"","background-repeat":"repeat","background-position":"center center","background-size":"auto","background-attachment":"scroll","background-type":"","background-media":"","overlay-type":"","overlay-color":"","overlay-opacity":"","overlay-gradient":""},"tablet":{"background-color":"","background-image":"","background-repeat":"repeat","background-position":"center center","background-size":"auto","background-attachment":"scroll","background-type":"","background-media":"","overlay-type":"","overlay-color":"","overlay-opacity":"","overlay-gradient":""},"mobile":{"background-color":"","background-image":"","background-repeat":"repeat","background-position":"center center","background-size":"auto","background-attachment":"scroll","background-type":"","background-media":"","overlay-type":"","overlay-color":"","overlay-opacity":"","overlay-gradient":""}},"ast-content-background-meta":{"desktop":{"background-color":"var(--ast-global-color-5)","background-image":"","background-repeat":"repeat","background-position":"center center","background-size":"auto","background-attachment":"scroll","background-type":"","background-media":"","overlay-type":"","overlay-color":"","overlay-opacity":"","overlay-gradient":""},"tablet":{"background-color":"var(--ast-global-color-5)","background-image":"","background-repeat":"repeat","background-position":"center center","background-size":"auto","background-attachment":"scroll","background-type":"","background-media":"","overlay-type":"","overlay-color":"","overlay-opacity":"","overlay-gradient":""},"mobile":{"background-color":"var(--ast-global-color-5)","background-image":"","background-repeat":"repeat","background-position":"center center","background-size":"auto","background-attachment":"scroll","background-type":"","background-media":"","overlay-type":"","overlay-color":"","overlay-opacity":"","overlay-gradient":""}},"footnotes":""},"class_list":["post-55","page","type-page","status-publish","hentry"],"yoast_head":"<!-- This site is optimized with the Yoast SEO plugin v27.5 - https:\/\/yoast.com\/product\/yoast-seo-wordpress\/ -->\n<title>Input Order - Welcome to The Light<\/title>\n<meta name=\"robots\" content=\"noindex, follow, max-snippet:-1, max-image-preview:large, max-video-preview:-1\" \/>\n<meta property=\"og:locale\" content=\"es_MX\" \/>\n<meta property=\"og:type\" content=\"article\" \/>\n<meta property=\"og:title\" content=\"Input Order - Welcome to The Light\" \/>\n<meta property=\"og:description\" content=\"EVOLVE Office Where we &#8220;Work the Power of 3&#8221; Input the Order How To Input An Order(10 minutes) https:\/\/start333biz.com\/d\/HowToInput-AnOrder.mp4 Back Office Overview(15 minutes) https:\/\/start333biz.com\/d\/BackOffice-Overview.mp4 How To Setup Autoship(5 minutes) https:\/\/start333biz.com\/d\/HowToSetUp-AutoShip.mp4 Using The Tools Of The Back Office(45 minutes) https:\/\/start333biz.com\/d\/UsingTheTools-OfTheBackOffice.mp4 Still Need Help Inputting Your Order? Click The Link Below To Call Lifewave Customer Service And [&hellip;]\" \/>\n<meta property=\"og:url\" content=\"https:\/\/welcometothelight.com\/es\/input-order\/\" \/>\n<meta property=\"og:site_name\" content=\"Welcome to The Light\" \/>\n<meta property=\"article:modified_time\" content=\"2024-04-15T01:44:59+00:00\" \/>\n<meta name=\"twitter:card\" content=\"summary_large_image\" \/>\n<meta name=\"twitter:label1\" content=\"Tiempo de lectura\" \/>\n\t<meta name=\"twitter:data1\" content=\"1 minuto\" \/>\n<script type=\"application\/ld+json\" class=\"yoast-schema-graph\">{\"@context\":\"https:\\\/\\\/schema.org\",\"@graph\":[{\"@type\":\"WebPage\",\"@id\":\"https:\\\/\\\/welcometothelight.com\\\/input-order\\\/\",\"url\":\"https:\\\/\\\/welcometothelight.com\\\/input-order\\\/\",\"name\":\"Input Order - Welcome to The Light\",\"isPartOf\":{\"@id\":\"https:\\\/\\\/welcometothelight.com\\\/#website\"},\"datePublished\":\"2024-03-14T23:16:52+00:00\",\"dateModified\":\"2024-04-15T01:44:59+00:00\",\"breadcrumb\":{\"@id\":\"https:\\\/\\\/welcometothelight.com\\\/input-order\\\/#breadcrumb\"},\"inLanguage\":\"es\",\"potentialAction\":[{\"@type\":\"ReadAction\",\"target\":[\"https:\\\/\\\/welcometothelight.com\\\/input-order\\\/\"]}]},{\"@type\":\"BreadcrumbList\",\"@id\":\"https:\\\/\\\/welcometothelight.com\\\/input-order\\\/#breadcrumb\",\"itemListElement\":[{\"@type\":\"ListItem\",\"position\":1,\"name\":\"Home\",\"item\":\"https:\\\/\\\/welcometothelight.com\\\/\"},{\"@type\":\"ListItem\",\"position\":2,\"name\":\"Input Order\"}]},{\"@type\":\"WebSite\",\"@id\":\"https:\\\/\\\/welcometothelight.com\\\/#website\",\"url\":\"https:\\\/\\\/welcometothelight.com\\\/\",\"name\":\"Welcome to The Light\",\"description\":\"Onboarding Website for The Light Team\",\"potentialAction\":[{\"@type\":\"SearchAction\",\"target\":{\"@type\":\"EntryPoint\",\"urlTemplate\":\"https:\\\/\\\/welcometothelight.com\\\/?s={search_term_string}\"},\"query-input\":{\"@type\":\"PropertyValueSpecification\",\"valueRequired\":true,\"valueName\":\"search_term_string\"}}],\"inLanguage\":\"es\"}]}<\/script>\n<!-- \/ Yoast SEO plugin. -->","yoast_head_json":{"title":"Input Order - Welcome to The Light","robots":{"index":"noindex","follow":"follow","max-snippet":"max-snippet:-1","max-image-preview":"max-image-preview:large","max-video-preview":"max-video-preview:-1"},"og_locale":"es_MX","og_type":"article","og_title":"Input Order - Welcome to The Light","og_description":"EVOLVE Office Where we &#8220;Work the Power of 3&#8221; Input the Order How To Input An Order(10 minutes) https:\/\/start333biz.com\/d\/HowToInput-AnOrder.mp4 Back Office Overview(15 minutes) https:\/\/start333biz.com\/d\/BackOffice-Overview.mp4 How To Setup Autoship(5 minutes) https:\/\/start333biz.com\/d\/HowToSetUp-AutoShip.mp4 Using The Tools Of The Back Office(45 minutes) https:\/\/start333biz.com\/d\/UsingTheTools-OfTheBackOffice.mp4 Still Need Help Inputting Your Order? Click The Link Below To Call Lifewave Customer Service And [&hellip;]","og_url":"https:\/\/welcometothelight.com\/es\/input-order\/","og_site_name":"Welcome to The Light","article_modified_time":"2024-04-15T01:44:59+00:00","twitter_card":"summary_large_image","twitter_misc":{"Tiempo de lectura":"1 minuto"},"schema":{"@context":"https:\/\/schema.org","@graph":[{"@type":"WebPage","@id":"https:\/\/welcometothelight.com\/input-order\/","url":"https:\/\/welcometothelight.com\/input-order\/","name":"Input Order - Welcome to The Light","isPartOf":{"@id":"https:\/\/welcometothelight.com\/#website"},"datePublished":"2024-03-14T23:16:52+00:00","dateModified":"2024-04-15T01:44:59+00:00","breadcrumb":{"@id":"https:\/\/welcometothelight.com\/input-order\/#breadcrumb"},"inLanguage":"es","potentialAction":[{"@type":"ReadAction","target":["https:\/\/welcometothelight.com\/input-order\/"]}]},{"@type":"BreadcrumbList","@id":"https:\/\/welcometothelight.com\/input-order\/#breadcrumb","itemListElement":[{"@type":"ListItem","position":1,"name":"Home","item":"https:\/\/welcometothelight.com\/"},{"@type":"ListItem","position":2,"name":"Input Order"}]},{"@type":"WebSite","@id":"https:\/\/welcometothelight.com\/#website","url":"https:\/\/welcometothelight.com\/","name":"Bienvenido a La Luz","description":"Sitio web de incorporaci\u00f3n para el equipo de The Light","potentialAction":[{"@type":"SearchAction","target":{"@type":"EntryPoint","urlTemplate":"https:\/\/welcometothelight.com\/?s={search_term_string}"},"query-input":{"@type":"PropertyValueSpecification","valueRequired":true,"valueName":"search_term_string"}}],"inLanguage":"es"}]}},"_links":{"self":[{"href":"https:\/\/welcometothelight.com\/es\/wp-json\/wp\/v2\/pages\/55","targetHints":{"allow":["GET"]}}],"collection":[{"href":"https:\/\/welcometothelight.com\/es\/wp-json\/wp\/v2\/pages"}],"about":[{"href":"https:\/\/welcometothelight.com\/es\/wp-json\/wp\/v2\/types\/page"}],"author":[{"embeddable":true,"href":"https:\/\/welcometothelight.com\/es\/wp-json\/wp\/v2\/users\/1"}],"replies":[{"embeddable":true,"href":"https:\/\/welcometothelight.com\/es\/wp-json\/wp\/v2\/comments?post=55"}],"version-history":[{"count":0,"href":"https:\/\/welcometothelight.com\/es\/wp-json\/wp\/v2\/pages\/55\/revisions"}],"wp:attachment":[{"href":"https:\/\/welcometothelight.com\/es\/wp-json\/wp\/v2\/media?parent=55"}],"curies":[{"name":"wp","href":"https:\/\/api.w.org\/{rel}","templated":true}]}}