{"id":2326,"date":"2024-06-19T10:41:39","date_gmt":"2024-06-19T14:41:39","guid":{"rendered":"https:\/\/welcometothelight.com\/?page_id=2326"},"modified":"2025-11-05T13:56:36","modified_gmt":"2025-11-05T18:56:36","slug":"login","status":"publish","type":"page","link":"https:\/\/welcometothelight.com\/vi\/login\/","title":{"rendered":"Login"},"content":{"rendered":"<div data-elementor-type=\"wp-page\" data-elementor-id=\"2326\" class=\"elementor elementor-2326\" data-elementor-post-type=\"page\">\n\t\t\t\t<div class=\"elementor-element elementor-element-d40ebeb e-con-full e-flex e-con e-parent\" data-id=\"d40ebeb\" data-element_type=\"container\" data-e-type=\"container\">\n\t\t<div class=\"elementor-element elementor-element-17d6a56 e-flex e-con-boxed e-con e-child\" data-id=\"17d6a56\" data-element_type=\"container\" data-e-type=\"container\" data-settings=\"{&quot;background_background&quot;:&quot;classic&quot;}\">\n\t\t\t\t\t<div class=\"e-con-inner\">\n\t\t\t\t\t<\/div>\n\t\t\t\t<\/div>\n\t\t<div class=\"elementor-element elementor-element-9301c01 e-con-full e-flex e-con e-child\" data-id=\"9301c01\" data-element_type=\"container\" data-e-type=\"container\">\n\t\t\t\t<div class=\"elementor-element elementor-element-3dab045 elementor-widget elementor-widget-image\" data-id=\"3dab045\" data-element_type=\"widget\" data-e-type=\"widget\" data-widget_type=\"image.default\">\n\t\t\t\t<div class=\"elementor-widget-container\">\n\t\t\t\t\t\t\t\t\t\t\t\t\t\t\t<img fetchpriority=\"high\" decoding=\"async\" width=\"1000\" height=\"1000\" src=\"https:\/\/welcometothelight.com\/wp-content\/uploads\/2025\/01\/TheLight-logo.png\" class=\"attachment-large size-large wp-image-5004\" alt=\"\" srcset=\"https:\/\/welcometothelight.com\/wp-content\/uploads\/2025\/01\/TheLight-logo.png 1000w, https:\/\/welcometothelight.com\/wp-content\/uploads\/2025\/01\/TheLight-logo-768x768.png 768w\" sizes=\"(max-width: 1000px) 100vw, 1000px\" \/>\t\t\t\t\t\t\t\t\t\t\t\t\t\t\t<\/div>\n\t\t\t\t<\/div>\n\t\t\t\t<div class=\"elementor-element elementor-element-8c4c1df elementor-widget elementor-widget-heading\" data-id=\"8c4c1df\" data-element_type=\"widget\" data-e-type=\"widget\" data-widget_type=\"heading.default\">\n\t\t\t\t<div class=\"elementor-widget-container\">\n\t\t\t\t\t<h2 class=\"elementor-heading-title elementor-size-default\">Ch\u00e0o m\u1eebng \u0111\u1ebfn v\u1edbi The Light!<\/h2>\t\t\t\t<\/div>\n\t\t\t\t<\/div>\n\t\t\t\t<div class=\"elementor-element elementor-element-004192c elementor-widget elementor-widget-heading\" data-id=\"004192c\" data-element_type=\"widget\" data-e-type=\"widget\" data-widget_type=\"heading.default\">\n\t\t\t\t<div class=\"elementor-widget-container\">\n\t\t\t\t\t<h4 class=\"elementor-heading-title elementor-size-default\">Login now to <\/h4>\t\t\t\t<\/div>\n\t\t\t\t<\/div>\n\t\t\t\t<div class=\"elementor-element elementor-element-95b9847 elementor-widget elementor-widget-heading\" data-id=\"95b9847\" data-element_type=\"widget\" data-e-type=\"widget\" data-widget_type=\"heading.default\">\n\t\t\t\t<div class=\"elementor-widget-container\">\n\t\t\t\t\t<h3 class=\"elementor-heading-title elementor-size-default\">Unlock the Door to Your Lifewave Business<\/h3>\t\t\t\t<\/div>\n\t\t\t\t<\/div>\n\t\t\t\t<div class=\"elementor-element elementor-element-2474cc9 elementor-button-align-center elementor-widget__width-initial elementor-widget elementor-widget-login\" data-id=\"2474cc9\" data-element_type=\"widget\" data-e-type=\"widget\" data-widget_type=\"login.default\">\n\t\t\t\t<div class=\"elementor-widget-container\">\n\t\t\t\t\t\t\t<form class=\"elementor-login elementor-form\" method=\"post\" action=\"https:\/\/welcometothelight.com\/wp-login.php\" aria-label=\"Login form\">\n\t\t\t<input type=\"hidden\" name=\"redirect_to\" value=\"https:\/\/welcometothelight.com\/vi\">\n\t\t\t<div class=\"elementor-form-fields-wrapper\">\n\t\t\t\t<div class=\"elementor-field-type-text elementor-field-group elementor-column elementor-col-100 elementor-field-required\">\n\t\t\t\t\t<label for=\"user-2474cc9\" class=\"elementor-field-label elementor-screen-only\">T\u00ean \u0111\u0103ng nh\u1eadp<\/label>\n\t\t\t\t\t<input size=\"1\" type=\"text\" name=\"log\" id=\"user-2474cc9\" placeholder=\"T\u00ean \u0111\u0103ng nh\u1eadp\" class=\"elementor-field elementor-field-textual elementor-size-sm\">\n\t\t\t\t<\/div>\n\t\t\t\t<div class=\"elementor-field-type-text elementor-field-group elementor-column elementor-col-100 elementor-field-required\">\n\t\t\t\t\t<label for=\"password-2474cc9\" class=\"elementor-field-label elementor-screen-only\">M\u1eadt kh\u1ea9u<\/label>\n\t\t\t\t\t<input size=\"1\" type=\"password\" name=\"pwd\" id=\"password-2474cc9\" placeholder=\"M\u1eadt kh\u1ea9u\" class=\"elementor-field elementor-field-textual elementor-size-sm\">\n\t\t\t\t<\/div>\n\n\t\t\t\t\n\t\t\t\t<div class=\"elementor-field-group elementor-column elementor-field-type-submit elementor-col-100\">\n\t\t\t\t\t<button type=\"submit\" class=\"elementor-size-sm elementor-button\" name=\"wp-submit\">\n\t\t\t\t\t\t\t\t\t\t\t\t\t\t\t<span class=\"elementor-button-text\">Log In<\/span>\n\t\t\t\t\t\t\t\t\t\t\t\t<\/button>\n\t\t\t\t<\/div>\n\n\t\t\t\t\t\t\t<\/div>\n\t\t<\/form>\n\t\t\t\t\t\t<\/div>\n\t\t\t\t<\/div>\n\t\t\t\t<\/div>\n\t\t\t\t<\/div>\n\t\t\t\t<\/div>","protected":false},"excerpt":{"rendered":"<p>Welcome to The Light! Login now to Unlock the Door to Your Lifewave Business<\/p>","protected":false},"author":1,"featured_media":0,"parent":0,"menu_order":0,"comment_status":"closed","ping_status":"closed","template":"elementor_canvas","meta":{"site-sidebar-layout":"no-sidebar","site-content-layout":"page-builder","ast-site-content-layout":"full-width-container","site-content-style":"default","site-sidebar-style":"default","ast-global-header-display":"","ast-banner-title-visibility":"","ast-main-header-display":"","ast-hfb-above-header-display":"","ast-hfb-below-header-display":"","ast-hfb-mobile-header-display":"","site-post-title":"disabled","ast-breadcrumbs-content":"","ast-featured-img":"disabled","footer-sml-layout":"","ast-disable-related-posts":"","theme-transparent-header-meta":"","adv-header-id-meta":"","stick-header-meta":"","header-above-stick-meta":"","header-main-stick-meta":"","header-below-stick-meta":"","astra-migrate-meta-layouts":"set","ast-page-background-enabled":"default","ast-page-background-meta":{"desktop":{"background-color":"","background-image":"","background-repeat":"repeat","background-position":"center center","background-size":"auto","background-attachment":"scroll","background-type":"","background-media":"","overlay-type":"","overlay-color":"","overlay-opacity":"","overlay-gradient":""},"tablet":{"background-color":"","background-image":"","background-repeat":"repeat","background-position":"center center","background-size":"auto","background-attachment":"scroll","background-type":"","background-media":"","overlay-type":"","overlay-color":"","overlay-opacity":"","overlay-gradient":""},"mobile":{"background-color":"","background-image":"","background-repeat":"repeat","background-position":"center center","background-size":"auto","background-attachment":"scroll","background-type":"","background-media":"","overlay-type":"","overlay-color":"","overlay-opacity":"","overlay-gradient":""}},"ast-content-background-meta":{"desktop":{"background-color":"var(--ast-global-color-5)","background-image":"","background-repeat":"repeat","background-position":"center center","background-size":"auto","background-attachment":"scroll","background-type":"","background-media":"","overlay-type":"","overlay-color":"","overlay-opacity":"","overlay-gradient":""},"tablet":{"background-color":"var(--ast-global-color-5)","background-image":"","background-repeat":"repeat","background-position":"center center","background-size":"auto","background-attachment":"scroll","background-type":"","background-media":"","overlay-type":"","overlay-color":"","overlay-opacity":"","overlay-gradient":""},"mobile":{"background-color":"var(--ast-global-color-5)","background-image":"","background-repeat":"repeat","background-position":"center center","background-size":"auto","background-attachment":"scroll","background-type":"","background-media":"","overlay-type":"","overlay-color":"","overlay-opacity":"","overlay-gradient":""}},"footnotes":""},"class_list":["post-2326","page","type-page","status-publish","hentry"],"yoast_head":"<!-- This site is optimized with the Yoast SEO plugin v27.5 - https:\/\/yoast.com\/product\/yoast-seo-wordpress\/ -->\n<title>Login - Welcome to The Light<\/title>\n<meta name=\"robots\" content=\"noindex, follow, max-snippet:-1, max-image-preview:large, max-video-preview:-1\" \/>\n<meta property=\"og:locale\" content=\"vi_VN\" \/>\n<meta property=\"og:type\" content=\"article\" \/>\n<meta property=\"og:title\" content=\"Login - Welcome to The Light\" \/>\n<meta property=\"og:description\" content=\"Welcome to The Light! Login now to Unlock the Door to Your Lifewave Business\" \/>\n<meta property=\"og:url\" content=\"https:\/\/welcometothelight.com\/vi\/login\/\" \/>\n<meta property=\"og:site_name\" content=\"Welcome to The Light\" \/>\n<meta property=\"article:modified_time\" content=\"2025-11-05T18:56:36+00:00\" \/>\n<meta property=\"og:image\" content=\"https:\/\/welcometothelight.com\/wp-content\/uploads\/2025\/01\/TheLight-logo.png\" \/>\n\t<meta property=\"og:image:width\" content=\"1000\" \/>\n\t<meta property=\"og:image:height\" content=\"1000\" \/>\n\t<meta property=\"og:image:type\" content=\"image\/png\" \/>\n<meta name=\"twitter:card\" content=\"summary_large_image\" \/>\n<meta name=\"twitter:label1\" content=\"\u01af\u1edbc t\u00ednh th\u1eddi gian \u0111\u1ecdc\" \/>\n\t<meta name=\"twitter:data1\" content=\"1 ph\u00fat\" \/>\n<script type=\"application\/ld+json\" class=\"yoast-schema-graph\">{\"@context\":\"https:\\\/\\\/schema.org\",\"@graph\":[{\"@type\":\"WebPage\",\"@id\":\"https:\\\/\\\/welcometothelight.com\\\/login\\\/\",\"url\":\"https:\\\/\\\/welcometothelight.com\\\/login\\\/\",\"name\":\"Login - Welcome to The Light\",\"isPartOf\":{\"@id\":\"https:\\\/\\\/welcometothelight.com\\\/#website\"},\"primaryImageOfPage\":{\"@id\":\"https:\\\/\\\/welcometothelight.com\\\/login\\\/#primaryimage\"},\"image\":{\"@id\":\"https:\\\/\\\/welcometothelight.com\\\/login\\\/#primaryimage\"},\"thumbnailUrl\":\"https:\\\/\\\/welcometothelight.com\\\/wp-content\\\/uploads\\\/2025\\\/01\\\/TheLight-logo.png\",\"datePublished\":\"2024-06-19T14:41:39+00:00\",\"dateModified\":\"2025-11-05T18:56:36+00:00\",\"breadcrumb\":{\"@id\":\"https:\\\/\\\/welcometothelight.com\\\/login\\\/#breadcrumb\"},\"inLanguage\":\"vi\",\"potentialAction\":[{\"@type\":\"ReadAction\",\"target\":[\"https:\\\/\\\/welcometothelight.com\\\/login\\\/\"]}]},{\"@type\":\"ImageObject\",\"inLanguage\":\"vi\",\"@id\":\"https:\\\/\\\/welcometothelight.com\\\/login\\\/#primaryimage\",\"url\":\"https:\\\/\\\/welcometothelight.com\\\/wp-content\\\/uploads\\\/2025\\\/01\\\/TheLight-logo.png\",\"contentUrl\":\"https:\\\/\\\/welcometothelight.com\\\/wp-content\\\/uploads\\\/2025\\\/01\\\/TheLight-logo.png\"},{\"@type\":\"BreadcrumbList\",\"@id\":\"https:\\\/\\\/welcometothelight.com\\\/login\\\/#breadcrumb\",\"itemListElement\":[{\"@type\":\"ListItem\",\"position\":1,\"name\":\"Home\",\"item\":\"https:\\\/\\\/welcometothelight.com\\\/\"},{\"@type\":\"ListItem\",\"position\":2,\"name\":\"Login\"}]},{\"@type\":\"WebSite\",\"@id\":\"https:\\\/\\\/welcometothelight.com\\\/#website\",\"url\":\"https:\\\/\\\/welcometothelight.com\\\/\",\"name\":\"Welcome to The Light\",\"description\":\"Onboarding Website for The Light Team\",\"potentialAction\":[{\"@type\":\"SearchAction\",\"target\":{\"@type\":\"EntryPoint\",\"urlTemplate\":\"https:\\\/\\\/welcometothelight.com\\\/?s={search_term_string}\"},\"query-input\":{\"@type\":\"PropertyValueSpecification\",\"valueRequired\":true,\"valueName\":\"search_term_string\"}}],\"inLanguage\":\"vi\"}]}<\/script>\n<!-- \/ Yoast SEO plugin. -->","yoast_head_json":{"title":"Login - Welcome to The Light","robots":{"index":"noindex","follow":"follow","max-snippet":"max-snippet:-1","max-image-preview":"max-image-preview:large","max-video-preview":"max-video-preview:-1"},"og_locale":"vi_VN","og_type":"article","og_title":"Login - Welcome to The Light","og_description":"Welcome to The Light! Login now to Unlock the Door to Your Lifewave Business","og_url":"https:\/\/welcometothelight.com\/vi\/login\/","og_site_name":"Welcome to The Light","article_modified_time":"2025-11-05T18:56:36+00:00","og_image":[{"width":1000,"height":1000,"url":"https:\/\/welcometothelight.com\/wp-content\/uploads\/2025\/01\/TheLight-logo.png","type":"image\/png"}],"twitter_card":"summary_large_image","twitter_misc":{"\u01af\u1edbc t\u00ednh th\u1eddi gian \u0111\u1ecdc":"1 ph\u00fat"},"schema":{"@context":"https:\/\/schema.org","@graph":[{"@type":"WebPage","@id":"https:\/\/welcometothelight.com\/login\/","url":"https:\/\/welcometothelight.com\/login\/","name":"Login - Welcome to The Light","isPartOf":{"@id":"https:\/\/welcometothelight.com\/#website"},"primaryImageOfPage":{"@id":"https:\/\/welcometothelight.com\/login\/#primaryimage"},"image":{"@id":"https:\/\/welcometothelight.com\/login\/#primaryimage"},"thumbnailUrl":"https:\/\/welcometothelight.com\/wp-content\/uploads\/2025\/01\/TheLight-logo.png","datePublished":"2024-06-19T14:41:39+00:00","dateModified":"2025-11-05T18:56:36+00:00","breadcrumb":{"@id":"https:\/\/welcometothelight.com\/login\/#breadcrumb"},"inLanguage":"vi","potentialAction":[{"@type":"ReadAction","target":["https:\/\/welcometothelight.com\/login\/"]}]},{"@type":"ImageObject","inLanguage":"vi","@id":"https:\/\/welcometothelight.com\/login\/#primaryimage","url":"https:\/\/welcometothelight.com\/wp-content\/uploads\/2025\/01\/TheLight-logo.png","contentUrl":"https:\/\/welcometothelight.com\/wp-content\/uploads\/2025\/01\/TheLight-logo.png"},{"@type":"BreadcrumbList","@id":"https:\/\/welcometothelight.com\/login\/#breadcrumb","itemListElement":[{"@type":"ListItem","position":1,"name":"Home","item":"https:\/\/welcometothelight.com\/"},{"@type":"ListItem","position":2,"name":"Login"}]},{"@type":"WebSite","@id":"https:\/\/welcometothelight.com\/#website","url":"https:\/\/welcometothelight.com\/","name":"Ch\u00e0o m\u1eebng \u0111\u1ebfn v\u1edbi The Light","description":"Trang web h\u01b0\u1edbng d\u1eabn cho \u0111\u1ed9i ng\u0169 The Light","potentialAction":[{"@type":"SearchAction","target":{"@type":"EntryPoint","urlTemplate":"https:\/\/welcometothelight.com\/?s={search_term_string}"},"query-input":{"@type":"PropertyValueSpecification","valueRequired":true,"valueName":"search_term_string"}}],"inLanguage":"vi"}]}},"_links":{"self":[{"href":"https:\/\/welcometothelight.com\/vi\/wp-json\/wp\/v2\/pages\/2326","targetHints":{"allow":["GET"]}}],"collection":[{"href":"https:\/\/welcometothelight.com\/vi\/wp-json\/wp\/v2\/pages"}],"about":[{"href":"https:\/\/welcometothelight.com\/vi\/wp-json\/wp\/v2\/types\/page"}],"author":[{"embeddable":true,"href":"https:\/\/welcometothelight.com\/vi\/wp-json\/wp\/v2\/users\/1"}],"replies":[{"embeddable":true,"href":"https:\/\/welcometothelight.com\/vi\/wp-json\/wp\/v2\/comments?post=2326"}],"version-history":[{"count":9,"href":"https:\/\/welcometothelight.com\/vi\/wp-json\/wp\/v2\/pages\/2326\/revisions"}],"predecessor-version":[{"id":6733,"href":"https:\/\/welcometothelight.com\/vi\/wp-json\/wp\/v2\/pages\/2326\/revisions\/6733"}],"wp:attachment":[{"href":"https:\/\/welcometothelight.com\/vi\/wp-json\/wp\/v2\/media?parent=2326"}],"curies":[{"name":"wp","href":"https:\/\/api.w.org\/{rel}","templated":true}]}}