{"id":3915,"date":"2024-12-20T20:57:57","date_gmt":"2024-12-21T01:57:57","guid":{"rendered":"https:\/\/welcometothelight.com\/?page_id=3915"},"modified":"2024-12-20T23:00:01","modified_gmt":"2024-12-21T04:00:01","slug":"onboarding-new-brand-partners","status":"publish","type":"page","link":"https:\/\/welcometothelight.com\/vi\/onboarding-new-brand-partners\/","title":{"rendered":"Qu\u00e1 tr\u00ecnh ti\u1ebfp nh\u1eadn c\u00e1c \u0111\u1ed1i t\u00e1c th\u01b0\u01a1ng hi\u1ec7u m\u1edbi"},"content":{"rendered":"<div data-elementor-type=\"wp-page\" data-elementor-id=\"3915\" class=\"elementor elementor-3915\" data-elementor-post-type=\"page\">\n\t\t\t\t<div class=\"elementor-element elementor-element-ff59c37 e-flex e-con-boxed e-con e-parent\" data-id=\"ff59c37\" data-element_type=\"container\" data-e-type=\"container\" data-settings=\"{&quot;background_background&quot;:&quot;classic&quot;,&quot;shape_divider_bottom&quot;:&quot;mountains&quot;}\">\n\t\t\t\t\t<div class=\"e-con-inner\">\n\t\t\t\t<div class=\"elementor-shape elementor-shape-bottom\" aria-hidden=\"true\" data-negative=\"false\">\n\t\t\t<svg xmlns=\"http:\/\/www.w3.org\/2000\/svg\" viewbox=\"0 0 1000 100\" preserveaspectratio=\"none\">\n\t<path class=\"elementor-shape-fill\" opacity=\"0.33\" d=\"M473,67.3c-203.9,88.3-263.1-34-320.3,0C66,119.1,0,59.7,0,59.7V0h1000v59.7 c0,0-62.1,26.1-94.9,29.3c-32.8,3.3-62.8-12.3-75.8-22.1C806,49.6,745.3,8.7,694.9,4.7S492.4,59,473,67.3z\"\/>\n\t<path class=\"elementor-shape-fill\" opacity=\"0.66\" d=\"M734,67.3c-45.5,0-77.2-23.2-129.1-39.1c-28.6-8.7-150.3-10.1-254,39.1 s-91.7-34.4-149.2,0C115.7,118.3,0,39.8,0,39.8V0h1000v36.5c0,0-28.2-18.5-92.1-18.5C810.2,18.1,775.7,67.3,734,67.3z\"\/>\n\t<path class=\"elementor-shape-fill\" d=\"M766.1,28.9c-200-57.5-266,65.5-395.1,19.5C242,1.8,242,5.4,184.8,20.6C128,35.8,132.3,44.9,89.9,52.5C28.6,63.7,0,0,0,0 h1000c0,0-9.9,40.9-83.6,48.1S829.6,47,766.1,28.9z\"\/>\n<\/svg>\t\t<\/div>\n\t\t\t\t<div class=\"elementor-element elementor-element-404a885 elementor-widget elementor-widget-heading\" data-id=\"404a885\" data-element_type=\"widget\" data-e-type=\"widget\" data-widget_type=\"heading.default\">\n\t\t\t\t<div class=\"elementor-widget-container\">\n\t\t\t\t\t<h2 class=\"elementor-heading-title elementor-size-default\">Qu\u00e1 tr\u00ecnh ti\u1ebfp nh\u1eadn c\u00e1c \u0111\u1ed1i t\u00e1c th\u01b0\u01a1ng hi\u1ec7u m\u1edbi<\/h2>\t\t\t\t<\/div>\n\t\t\t\t<\/div>\n\t\t\t\t\t<\/div>\n\t\t\t\t<\/div>\n\t\t<div class=\"elementor-element elementor-element-8959992 e-flex e-con-boxed e-con e-child\" data-id=\"8959992\" data-element_type=\"container\" data-e-type=\"container\" data-settings=\"{&quot;background_background&quot;:&quot;classic&quot;}\">\n\t\t\t\t\t<div class=\"e-con-inner\">\n\t\t\t\t<div class=\"elementor-element elementor-element-83bf5a7 elementor-widget elementor-widget-heading\" data-id=\"83bf5a7\" data-element_type=\"widget\" data-e-type=\"widget\" data-widget_type=\"heading.default\">\n\t\t\t\t<div class=\"elementor-widget-container\">\n\t\t\t\t\t<h2 class=\"elementor-heading-title elementor-size-default\">Gi\u00fap c\u00e1c \u0111\u1ed1i t\u00e1c th\u01b0\u01a1ng hi\u1ec7u m\u1edbi b\u1eaft \u0111\u1ea7u<\/h2>\t\t\t\t<\/div>\n\t\t\t\t<\/div>\n\t\t\t\t<div class=\"elementor-element elementor-element-ab51514 elementor-widget elementor-widget-image\" data-id=\"ab51514\" data-element_type=\"widget\" data-e-type=\"widget\" data-widget_type=\"image.default\">\n\t\t\t\t<div class=\"elementor-widget-container\">\n\t\t\t\t\t\t\t\t\t\t\t\t\t\t\t<img decoding=\"async\" width=\"519\" height=\"12\" src=\"https:\/\/welcometothelight.com\/wp-content\/uploads\/2024\/03\/separator-white.webp\" class=\"attachment-large size-large wp-image-338\" alt=\"\" \/>\t\t\t\t\t\t\t\t\t\t\t\t\t\t\t<\/div>\n\t\t\t\t<\/div>\n\t\t<div class=\"elementor-element elementor-element-3f80c42 e-con-full e-flex e-con e-child\" data-id=\"3f80c42\" data-element_type=\"container\" data-e-type=\"container\">\n\t\t<div class=\"elementor-element elementor-element-0215092 e-con-full e-flex e-con e-child\" data-id=\"0215092\" data-element_type=\"container\" data-e-type=\"container\">\n\t\t\t\t<div class=\"elementor-element elementor-element-df120dc elementor-widget__width-initial elementor-widget elementor-widget-image\" data-id=\"df120dc\" data-element_type=\"widget\" data-e-type=\"widget\" data-widget_type=\"image.default\">\n\t\t\t\t<div class=\"elementor-widget-container\">\n\t\t\t\t\t\t\t\t\t\t\t\t\t\t\t<img fetchpriority=\"high\" decoding=\"async\" width=\"2560\" height=\"1707\" src=\"https:\/\/welcometothelight.com\/wp-content\/uploads\/2024\/11\/210401-0712-scaled.jpg\" class=\"attachment-large size-large wp-image-3347\" alt=\"\" srcset=\"https:\/\/welcometothelight.com\/wp-content\/uploads\/2024\/11\/210401-0712-scaled.jpg 2560w, https:\/\/welcometothelight.com\/wp-content\/uploads\/2024\/11\/210401-0712-768x512.jpg 768w, https:\/\/welcometothelight.com\/wp-content\/uploads\/2024\/11\/210401-0712-1536x1024.jpg 1536w, https:\/\/welcometothelight.com\/wp-content\/uploads\/2024\/11\/210401-0712-2048x1365.jpg 2048w\" sizes=\"(max-width: 2560px) 100vw, 2560px\" \/>\t\t\t\t\t\t\t\t\t\t\t\t\t\t\t<\/div>\n\t\t\t\t<\/div>\n\t\t\t\t<\/div>\n\t\t<div class=\"elementor-element elementor-element-a45a34f e-con-full e-flex e-con e-child\" data-id=\"a45a34f\" data-element_type=\"container\" data-e-type=\"container\">\n\t\t\t\t<div class=\"elementor-element elementor-element-6c346c2 elementor-widget elementor-widget-heading\" data-id=\"6c346c2\" data-element_type=\"widget\" data-e-type=\"widget\" data-widget_type=\"heading.default\">\n\t\t\t\t<div class=\"elementor-widget-container\">\n\t\t\t\t\t<h4 class=\"elementor-heading-title elementor-size-default\">Qu\u00e1 tr\u00ecnh ti\u1ebfp nh\u1eadn<\/h4>\t\t\t\t<\/div>\n\t\t\t\t<\/div>\n\t\t\t\t<div class=\"elementor-element elementor-element-6582fb5 elementor-widget elementor-widget-heading\" data-id=\"6582fb5\" data-element_type=\"widget\" data-e-type=\"widget\" data-widget_type=\"heading.default\">\n\t\t\t\t<div class=\"elementor-widget-container\">\n\t\t\t\t\t<h2 class=\"elementor-heading-title elementor-size-default\">\u0110\u1ed1i t\u00e1c th\u01b0\u01a1ng hi\u1ec7u m\u1edbi c\u1ee7a b\u1ea1n<\/h2>\t\t\t\t<\/div>\n\t\t\t\t<\/div>\n\t\t\t\t<div class=\"elementor-element elementor-element-19608e2 elementor-widget elementor-widget-text-editor\" data-id=\"19608e2\" data-element_type=\"widget\" data-e-type=\"widget\" data-widget_type=\"text-editor.default\">\n\t\t\t\t<div class=\"elementor-widget-container\">\n\t\t\t\t\t\t\t\t\t<ul><li>G\u1eedi cho \u0110\u1ed1i t\u00e1c Th\u01b0\u01a1ng hi\u1ec7u m\u1edbi c\u1ee7a b\u1ea1n m\u1ed9t <strong>Email ch\u00e0o m\u1eebng<\/strong> v\u1edbi c\u00e1c b\u01b0\u1edbc ti\u1ebfp theo<\/li><li>L\u00ean l\u1ecbch <strong>m\u1ed9t \u0111\u1ed1i m\u1ed9t<\/strong> V\u1edbi \u0110\u1ed1i t\u00e1c Th\u01b0\u01a1ng hi\u1ec7u m\u1edbi c\u1ee7a b\u1ea1n<\/li><li>Gi\u1edbi thi\u1ec7u \u0110\u1ed1i t\u00e1c Th\u01b0\u01a1ng hi\u1ec7u M\u1edbi c\u1ee7a b\u1ea1n \u0111\u1ebfn <strong>\u0111\u1ed9i c\u1ee7a b\u1ea1n<\/strong><\/li><li>Chia s\u1ebb <strong>h\u1ed9i ngh\u1ecb v\u00e0 s\u1ef1 ki\u1ec7n<\/strong> chi ti\u1ebft<\/li><li>Nh\u1eadn ngay <strong>\u0110\u1ed1i t\u00e1c th\u01b0\u01a1ng hi\u1ec7u m\u1edbi \u0111\u00e3 b\u1eaft \u0111\u1ea7u<\/strong> v\u1edbi <a href=\"https:\/\/welcometothelight.com\/vi\/\" target=\"_blank\" rel=\"noopener\"><strong>H\u00e3y X\u00e2y D\u1ef1ng Ngay B\u00e2y Gi\u1edd.com<\/strong><\/a><\/li><li><strong>T\u00ecm hi\u1ec3u th\u00eam<\/strong> V\u1ec1 khoa h\u1ecdc, b\u1eb1ng s\u00e1ng ch\u1ebf v\u00e0 c\u00e1c nghi\u00ean c\u1ee9u t\u1ea1i <a href=\"https:\/\/startx39now.com\/\" target=\"_blank\" rel=\"noopener\"><strong>B\u1eaft \u0111\u1ea7u ngay b\u00e2y gi\u1edd t\u1ea1i StartX39Now.com<\/strong><\/a><\/li><li><strong>M\u1eddi<\/strong> h\u1ecd h\u00e0ng tu\u1ea7n <a href=\"https:\/\/welcometothelight.com\/vi\/connect\/\" target=\"_blank\" rel=\"noopener\"><strong>Cu\u1ed9c g\u1ecdi \u0111\u00e1nh gi\u00e1 v\u00e0 \u0111\u00e0o t\u1ea1o Zoom<\/strong><\/a><\/li><li><strong>Chia s\u1ebb<\/strong> c\u1ee7a ch\u00fang t\u00f4i <a href=\"https:\/\/welcometothelight.com\/vi\/connect\/\" target=\"_blank\" rel=\"noopener\"><strong>C\u1ed9ng \u0111\u1ed3ng h\u1ecdc t\u1eadp tr\u1ef1c tuy\u1ebfn v\u00e0 k\u1ebft n\u1ed1i m\u1ea1ng<\/strong><\/a><\/li><li><strong>Theo d\u00f5i<\/strong> Khi h\u1ecd nh\u1eadn \u0111\u01b0\u1ee3c b\u1ea3n v\u00e1 c\u1ee7a m\u00ecnh<\/li><li><strong>Chia s\u1ebb m\u1eb9o<\/strong> V\u1ec1 c\u00e1ch s\u1eed d\u1ee5ng c\u00e1c mi\u1ebfng d\u00e1n v\u00e0 chia s\u1ebb c\u01a1 h\u1ed9i kinh doanh<\/li><li><em><strong>Ch\u00fac vui v\u1ebb!<\/strong><\/em><\/li><\/ul>\t\t\t\t\t\t\t\t<\/div>\n\t\t\t\t<\/div>\n\t\t\t\t<\/div>\n\t\t\t\t<\/div>\n\t\t\t\t\t<\/div>\n\t\t\t\t<\/div>\n\t\t<div class=\"elementor-element elementor-element-48fa202 e-flex e-con-boxed e-con e-child\" data-id=\"48fa202\" data-element_type=\"container\" data-e-type=\"container\" data-settings=\"{&quot;background_background&quot;:&quot;classic&quot;}\">\n\t\t\t\t\t<div class=\"e-con-inner\">\n\t\t\t\t<div class=\"elementor-element elementor-element-3ca00ae elementor-widget elementor-widget-heading\" data-id=\"3ca00ae\" data-element_type=\"widget\" data-e-type=\"widget\" data-widget_type=\"heading.default\">\n\t\t\t\t<div class=\"elementor-widget-container\">\n\t\t\t\t\t<h2 class=\"elementor-heading-title elementor-size-default\">T\u00ecm hai c\u1ee7a b\u1ea1n<\/h2>\t\t\t\t<\/div>\n\t\t\t\t<\/div>\n\t\t\t\t<div class=\"elementor-element elementor-element-b18d9f8 elementor-widget elementor-widget-image\" data-id=\"b18d9f8\" data-element_type=\"widget\" data-e-type=\"widget\" data-widget_type=\"image.default\">\n\t\t\t\t<div class=\"elementor-widget-container\">\n\t\t\t\t\t\t\t\t\t\t\t\t\t\t\t<img decoding=\"async\" width=\"519\" height=\"12\" src=\"https:\/\/welcometothelight.com\/wp-content\/uploads\/2024\/03\/separator-white.webp\" class=\"attachment-large size-large wp-image-338\" alt=\"\" \/>\t\t\t\t\t\t\t\t\t\t\t\t\t\t\t<\/div>\n\t\t\t\t<\/div>\n\t\t<div class=\"elementor-element elementor-element-ab781a4 e-con-full e-flex e-con e-child\" data-id=\"ab781a4\" data-element_type=\"container\" data-e-type=\"container\">\n\t\t<div class=\"elementor-element elementor-element-1b0b35e e-con-full e-flex e-con e-child\" data-id=\"1b0b35e\" data-element_type=\"container\" data-e-type=\"container\">\n\t\t\t\t<div class=\"elementor-element elementor-element-f4d664d elementor-widget elementor-widget-heading\" data-id=\"f4d664d\" data-element_type=\"widget\" data-e-type=\"widget\" data-widget_type=\"heading.default\">\n\t\t\t\t<div class=\"elementor-widget-container\">\n\t\t\t\t\t<h4 class=\"elementor-heading-title elementor-size-default\">Hai v\u00e0 b\u1ea1n<\/h4>\t\t\t\t<\/div>\n\t\t\t\t<\/div>\n\t\t\t\t<div class=\"elementor-element elementor-element-5eb1656 elementor-widget elementor-widget-heading\" data-id=\"5eb1656\" data-element_type=\"widget\" data-e-type=\"widget\" data-widget_type=\"heading.default\">\n\t\t\t\t<div class=\"elementor-widget-container\">\n\t\t\t\t\t<h2 class=\"elementor-heading-title elementor-size-default\">\u0110\u1ec3 th\u0103ng c\u1ea5p<\/h2>\t\t\t\t<\/div>\n\t\t\t\t<\/div>\n\t\t\t\t<div class=\"elementor-element elementor-element-402333d elementor-widget elementor-widget-text-editor\" data-id=\"402333d\" data-element_type=\"widget\" data-e-type=\"widget\" data-widget_type=\"text-editor.default\">\n\t\t\t\t<div class=\"elementor-widget-container\">\n\t\t\t\t\t\t\t\t\t<ul><li>N\u1ed9i dung s\u1ebd \u0111\u01b0\u1ee3c c\u1eadp nh\u1eadt.<\/li><\/ul>\t\t\t\t\t\t\t\t<\/div>\n\t\t\t\t<\/div>\n\t\t\t\t<\/div>\n\t\t<div class=\"elementor-element elementor-element-6e3668e e-con-full e-flex e-con e-child\" data-id=\"6e3668e\" data-element_type=\"container\" data-e-type=\"container\">\n\t\t\t\t<div class=\"elementor-element elementor-element-8452328 elementor-widget__width-initial elementor-widget elementor-widget-image\" data-id=\"8452328\" data-element_type=\"widget\" data-e-type=\"widget\" data-widget_type=\"image.default\">\n\t\t\t\t<div class=\"elementor-widget-container\">\n\t\t\t\t\t\t\t\t\t\t\t\t\t\t\t<img fetchpriority=\"high\" decoding=\"async\" width=\"2560\" height=\"1707\" src=\"https:\/\/welcometothelight.com\/wp-content\/uploads\/2024\/11\/210401-0712-scaled.jpg\" class=\"attachment-large size-large wp-image-3347\" alt=\"\" srcset=\"https:\/\/welcometothelight.com\/wp-content\/uploads\/2024\/11\/210401-0712-scaled.jpg 2560w, https:\/\/welcometothelight.com\/wp-content\/uploads\/2024\/11\/210401-0712-768x512.jpg 768w, https:\/\/welcometothelight.com\/wp-content\/uploads\/2024\/11\/210401-0712-1536x1024.jpg 1536w, https:\/\/welcometothelight.com\/wp-content\/uploads\/2024\/11\/210401-0712-2048x1365.jpg 2048w\" sizes=\"(max-width: 2560px) 100vw, 2560px\" \/>\t\t\t\t\t\t\t\t\t\t\t\t\t\t\t<\/div>\n\t\t\t\t<\/div>\n\t\t\t\t<\/div>\n\t\t\t\t<\/div>\n\t\t\t\t\t<\/div>\n\t\t\t\t<\/div>\n\t\t\t\t<\/div>","protected":false},"excerpt":{"rendered":"<p>Onboarding New Brand Partners Get New Brand Partners Started Onboarding Your New Brand Partner Send your new Brand Partner a Welcome Email with next steps Schedule a one-on-one with your new Brand Partner Introduce your new Brand Partner to your team Share conference and event details Get your new Brand Partner started with LetsBuildThisNow.com Learn [&hellip;]<\/p>\n","protected":false},"author":1,"featured_media":0,"parent":0,"menu_order":0,"comment_status":"closed","ping_status":"closed","template":"","meta":{"site-sidebar-layout":"no-sidebar","site-content-layout":"page-builder","ast-site-content-layout":"full-width-container","site-content-style":"default","site-sidebar-style":"default","ast-global-header-display":"","ast-banner-title-visibility":"","ast-main-header-display":"","ast-hfb-above-header-display":"","ast-hfb-below-header-display":"","ast-hfb-mobile-header-display":"","site-post-title":"disabled","ast-breadcrumbs-content":"","ast-featured-img":"disabled","footer-sml-layout":"","ast-disable-related-posts":"","theme-transparent-header-meta":"","adv-header-id-meta":"","stick-header-meta":"","header-above-stick-meta":"","header-main-stick-meta":"","header-below-stick-meta":"","astra-migrate-meta-layouts":"set","ast-page-background-enabled":"default","ast-page-background-meta":{"desktop":{"background-color":"","background-image":"","background-repeat":"repeat","background-position":"center center","background-size":"auto","background-attachment":"scroll","background-type":"","background-media":"","overlay-type":"","overlay-color":"","overlay-opacity":"","overlay-gradient":""},"tablet":{"background-color":"","background-image":"","background-repeat":"repeat","background-position":"center center","background-size":"auto","background-attachment":"scroll","background-type":"","background-media":"","overlay-type":"","overlay-color":"","overlay-opacity":"","overlay-gradient":""},"mobile":{"background-color":"","background-image":"","background-repeat":"repeat","background-position":"center center","background-size":"auto","background-attachment":"scroll","background-type":"","background-media":"","overlay-type":"","overlay-color":"","overlay-opacity":"","overlay-gradient":""}},"ast-content-background-meta":{"desktop":{"background-color":"var(--ast-global-color-5)","background-image":"","background-repeat":"repeat","background-position":"center center","background-size":"auto","background-attachment":"scroll","background-type":"","background-media":"","overlay-type":"","overlay-color":"","overlay-opacity":"","overlay-gradient":""},"tablet":{"background-color":"var(--ast-global-color-5)","background-image":"","background-repeat":"repeat","background-position":"center center","background-size":"auto","background-attachment":"scroll","background-type":"","background-media":"","overlay-type":"","overlay-color":"","overlay-opacity":"","overlay-gradient":""},"mobile":{"background-color":"var(--ast-global-color-5)","background-image":"","background-repeat":"repeat","background-position":"center center","background-size":"auto","background-attachment":"scroll","background-type":"","background-media":"","overlay-type":"","overlay-color":"","overlay-opacity":"","overlay-gradient":""}},"footnotes":""},"class_list":["post-3915","page","type-page","status-publish","hentry"],"yoast_head":"<!-- This site is optimized with the Yoast SEO plugin v27.5 - https:\/\/yoast.com\/product\/yoast-seo-wordpress\/ -->\n<title>Onboarding New Brand Partners - Welcome to The Light<\/title>\n<meta name=\"robots\" content=\"noindex, follow, max-snippet:-1, max-image-preview:large, max-video-preview:-1\" \/>\n<meta property=\"og:locale\" content=\"vi_VN\" \/>\n<meta property=\"og:type\" content=\"article\" \/>\n<meta property=\"og:title\" content=\"Onboarding New Brand Partners - Welcome to The Light\" \/>\n<meta property=\"og:description\" content=\"Onboarding New Brand Partners Get New Brand Partners Started Onboarding Your New Brand Partner Send your new Brand Partner a Welcome Email with next steps Schedule a one-on-one with your new Brand Partner Introduce your new Brand Partner to your team Share conference and event details Get your new Brand Partner started with LetsBuildThisNow.com Learn [&hellip;]\" \/>\n<meta property=\"og:url\" content=\"https:\/\/welcometothelight.com\/vi\/onboarding-new-brand-partners\/\" \/>\n<meta property=\"og:site_name\" content=\"Welcome to The Light\" \/>\n<meta property=\"article:modified_time\" content=\"2024-12-21T04:00:01+00:00\" \/>\n<meta property=\"og:image\" content=\"https:\/\/welcometothelight.com\/wp-content\/uploads\/2024\/03\/separator-white.webp\" \/>\n\t<meta property=\"og:image:width\" content=\"519\" \/>\n\t<meta property=\"og:image:height\" content=\"12\" \/>\n\t<meta property=\"og:image:type\" content=\"image\/webp\" \/>\n<meta name=\"twitter:card\" content=\"summary_large_image\" \/>\n<meta name=\"twitter:label1\" content=\"\u01af\u1edbc t\u00ednh th\u1eddi gian \u0111\u1ecdc\" \/>\n\t<meta name=\"twitter:data1\" content=\"2 ph\u00fat\" \/>\n<script type=\"application\/ld+json\" class=\"yoast-schema-graph\">{\"@context\":\"https:\\\/\\\/schema.org\",\"@graph\":[{\"@type\":\"WebPage\",\"@id\":\"https:\\\/\\\/welcometothelight.com\\\/onboarding-new-brand-partners\\\/\",\"url\":\"https:\\\/\\\/welcometothelight.com\\\/onboarding-new-brand-partners\\\/\",\"name\":\"Onboarding New Brand Partners - Welcome to The Light\",\"isPartOf\":{\"@id\":\"https:\\\/\\\/welcometothelight.com\\\/#website\"},\"primaryImageOfPage\":{\"@id\":\"https:\\\/\\\/welcometothelight.com\\\/onboarding-new-brand-partners\\\/#primaryimage\"},\"image\":{\"@id\":\"https:\\\/\\\/welcometothelight.com\\\/onboarding-new-brand-partners\\\/#primaryimage\"},\"thumbnailUrl\":\"https:\\\/\\\/welcometothelight.com\\\/wp-content\\\/uploads\\\/2024\\\/03\\\/separator-white.webp\",\"datePublished\":\"2024-12-21T01:57:57+00:00\",\"dateModified\":\"2024-12-21T04:00:01+00:00\",\"breadcrumb\":{\"@id\":\"https:\\\/\\\/welcometothelight.com\\\/onboarding-new-brand-partners\\\/#breadcrumb\"},\"inLanguage\":\"vi\",\"potentialAction\":[{\"@type\":\"ReadAction\",\"target\":[\"https:\\\/\\\/welcometothelight.com\\\/onboarding-new-brand-partners\\\/\"]}]},{\"@type\":\"ImageObject\",\"inLanguage\":\"vi\",\"@id\":\"https:\\\/\\\/welcometothelight.com\\\/onboarding-new-brand-partners\\\/#primaryimage\",\"url\":\"https:\\\/\\\/welcometothelight.com\\\/wp-content\\\/uploads\\\/2024\\\/03\\\/separator-white.webp\",\"contentUrl\":\"https:\\\/\\\/welcometothelight.com\\\/wp-content\\\/uploads\\\/2024\\\/03\\\/separator-white.webp\"},{\"@type\":\"BreadcrumbList\",\"@id\":\"https:\\\/\\\/welcometothelight.com\\\/onboarding-new-brand-partners\\\/#breadcrumb\",\"itemListElement\":[{\"@type\":\"ListItem\",\"position\":1,\"name\":\"Home\",\"item\":\"https:\\\/\\\/welcometothelight.com\\\/\"},{\"@type\":\"ListItem\",\"position\":2,\"name\":\"Onboarding New Brand Partners\"}]},{\"@type\":\"WebSite\",\"@id\":\"https:\\\/\\\/welcometothelight.com\\\/#website\",\"url\":\"https:\\\/\\\/welcometothelight.com\\\/\",\"name\":\"Welcome to The Light\",\"description\":\"Onboarding Website for The Light Team\",\"potentialAction\":[{\"@type\":\"SearchAction\",\"target\":{\"@type\":\"EntryPoint\",\"urlTemplate\":\"https:\\\/\\\/welcometothelight.com\\\/?s={search_term_string}\"},\"query-input\":{\"@type\":\"PropertyValueSpecification\",\"valueRequired\":true,\"valueName\":\"search_term_string\"}}],\"inLanguage\":\"vi\"}]}<\/script>\n<!-- \/ Yoast SEO plugin. -->","yoast_head_json":{"title":"Onboarding New Brand Partners - Welcome to The Light","robots":{"index":"noindex","follow":"follow","max-snippet":"max-snippet:-1","max-image-preview":"max-image-preview:large","max-video-preview":"max-video-preview:-1"},"og_locale":"vi_VN","og_type":"article","og_title":"Onboarding New Brand Partners - Welcome to The Light","og_description":"Onboarding New Brand Partners Get New Brand Partners Started Onboarding Your New Brand Partner Send your new Brand Partner a Welcome Email with next steps Schedule a one-on-one with your new Brand Partner Introduce your new Brand Partner to your team Share conference and event details Get your new Brand Partner started with LetsBuildThisNow.com Learn [&hellip;]","og_url":"https:\/\/welcometothelight.com\/vi\/onboarding-new-brand-partners\/","og_site_name":"Welcome to The Light","article_modified_time":"2024-12-21T04:00:01+00:00","og_image":[{"width":519,"height":12,"url":"https:\/\/welcometothelight.com\/wp-content\/uploads\/2024\/03\/separator-white.webp","type":"image\/webp"}],"twitter_card":"summary_large_image","twitter_misc":{"\u01af\u1edbc t\u00ednh th\u1eddi gian \u0111\u1ecdc":"2 ph\u00fat"},"schema":{"@context":"https:\/\/schema.org","@graph":[{"@type":"WebPage","@id":"https:\/\/welcometothelight.com\/onboarding-new-brand-partners\/","url":"https:\/\/welcometothelight.com\/onboarding-new-brand-partners\/","name":"Onboarding New Brand Partners - Welcome to The Light","isPartOf":{"@id":"https:\/\/welcometothelight.com\/#website"},"primaryImageOfPage":{"@id":"https:\/\/welcometothelight.com\/onboarding-new-brand-partners\/#primaryimage"},"image":{"@id":"https:\/\/welcometothelight.com\/onboarding-new-brand-partners\/#primaryimage"},"thumbnailUrl":"https:\/\/welcometothelight.com\/wp-content\/uploads\/2024\/03\/separator-white.webp","datePublished":"2024-12-21T01:57:57+00:00","dateModified":"2024-12-21T04:00:01+00:00","breadcrumb":{"@id":"https:\/\/welcometothelight.com\/onboarding-new-brand-partners\/#breadcrumb"},"inLanguage":"vi","potentialAction":[{"@type":"ReadAction","target":["https:\/\/welcometothelight.com\/onboarding-new-brand-partners\/"]}]},{"@type":"ImageObject","inLanguage":"vi","@id":"https:\/\/welcometothelight.com\/onboarding-new-brand-partners\/#primaryimage","url":"https:\/\/welcometothelight.com\/wp-content\/uploads\/2024\/03\/separator-white.webp","contentUrl":"https:\/\/welcometothelight.com\/wp-content\/uploads\/2024\/03\/separator-white.webp"},{"@type":"BreadcrumbList","@id":"https:\/\/welcometothelight.com\/onboarding-new-brand-partners\/#breadcrumb","itemListElement":[{"@type":"ListItem","position":1,"name":"Home","item":"https:\/\/welcometothelight.com\/"},{"@type":"ListItem","position":2,"name":"Onboarding New Brand Partners"}]},{"@type":"WebSite","@id":"https:\/\/welcometothelight.com\/#website","url":"https:\/\/welcometothelight.com\/","name":"Ch\u00e0o m\u1eebng \u0111\u1ebfn v\u1edbi The Light","description":"Trang web h\u01b0\u1edbng d\u1eabn cho \u0111\u1ed9i ng\u0169 The Light","potentialAction":[{"@type":"SearchAction","target":{"@type":"EntryPoint","urlTemplate":"https:\/\/welcometothelight.com\/?s={search_term_string}"},"query-input":{"@type":"PropertyValueSpecification","valueRequired":true,"valueName":"search_term_string"}}],"inLanguage":"vi"}]}},"_links":{"self":[{"href":"https:\/\/welcometothelight.com\/vi\/wp-json\/wp\/v2\/pages\/3915","targetHints":{"allow":["GET"]}}],"collection":[{"href":"https:\/\/welcometothelight.com\/vi\/wp-json\/wp\/v2\/pages"}],"about":[{"href":"https:\/\/welcometothelight.com\/vi\/wp-json\/wp\/v2\/types\/page"}],"author":[{"embeddable":true,"href":"https:\/\/welcometothelight.com\/vi\/wp-json\/wp\/v2\/users\/1"}],"replies":[{"embeddable":true,"href":"https:\/\/welcometothelight.com\/vi\/wp-json\/wp\/v2\/comments?post=3915"}],"version-history":[{"count":31,"href":"https:\/\/welcometothelight.com\/vi\/wp-json\/wp\/v2\/pages\/3915\/revisions"}],"predecessor-version":[{"id":4156,"href":"https:\/\/welcometothelight.com\/vi\/wp-json\/wp\/v2\/pages\/3915\/revisions\/4156"}],"wp:attachment":[{"href":"https:\/\/welcometothelight.com\/vi\/wp-json\/wp\/v2\/media?parent=3915"}],"curies":[{"name":"wp","href":"https:\/\/api.w.org\/{rel}","templated":true}]}}