{"id":6142,"date":"2025-05-07T12:25:23","date_gmt":"2025-05-07T16:25:23","guid":{"rendered":"https:\/\/welcometothelight.com\/?page_id=6142"},"modified":"2025-05-10T11:43:59","modified_gmt":"2025-05-10T15:43:59","slug":"team-challenges-submission","status":"publish","type":"page","link":"https:\/\/welcometothelight.com\/vi\/team-challenges-submission\/","title":{"rendered":"Th\u1eed th\u00e1ch \u0111\u1ed9i \u2013 N\u1ed9p b\u00e0i"},"content":{"rendered":"<div data-elementor-type=\"wp-page\" data-elementor-id=\"6142\" class=\"elementor elementor-6142\" data-elementor-post-type=\"page\">\n\t\t\t\t<div class=\"elementor-element elementor-element-13e6da4 e-flex e-con-boxed e-con e-parent\" data-id=\"13e6da4\" data-element_type=\"container\" data-e-type=\"container\" data-settings=\"{&quot;background_background&quot;:&quot;classic&quot;,&quot;shape_divider_bottom&quot;:&quot;mountains&quot;}\">\n\t\t\t\t\t<div class=\"e-con-inner\">\n\t\t\t\t<div class=\"elementor-shape elementor-shape-bottom\" aria-hidden=\"true\" data-negative=\"false\">\n\t\t\t<svg xmlns=\"http:\/\/www.w3.org\/2000\/svg\" viewbox=\"0 0 1000 100\" preserveaspectratio=\"none\">\n\t<path class=\"elementor-shape-fill\" opacity=\"0.33\" d=\"M473,67.3c-203.9,88.3-263.1-34-320.3,0C66,119.1,0,59.7,0,59.7V0h1000v59.7 c0,0-62.1,26.1-94.9,29.3c-32.8,3.3-62.8-12.3-75.8-22.1C806,49.6,745.3,8.7,694.9,4.7S492.4,59,473,67.3z\"\/>\n\t<path class=\"elementor-shape-fill\" opacity=\"0.66\" d=\"M734,67.3c-45.5,0-77.2-23.2-129.1-39.1c-28.6-8.7-150.3-10.1-254,39.1 s-91.7-34.4-149.2,0C115.7,118.3,0,39.8,0,39.8V0h1000v36.5c0,0-28.2-18.5-92.1-18.5C810.2,18.1,775.7,67.3,734,67.3z\"\/>\n\t<path class=\"elementor-shape-fill\" d=\"M766.1,28.9c-200-57.5-266,65.5-395.1,19.5C242,1.8,242,5.4,184.8,20.6C128,35.8,132.3,44.9,89.9,52.5C28.6,63.7,0,0,0,0 h1000c0,0-9.9,40.9-83.6,48.1S829.6,47,766.1,28.9z\"\/>\n<\/svg>\t\t<\/div>\n\t\t\t\t\t<\/div>\n\t\t\t\t<\/div>\n\t\t<div class=\"elementor-element elementor-element-fc6e9c7 e-flex e-con-boxed e-con e-child\" data-id=\"fc6e9c7\" data-element_type=\"container\" data-e-type=\"container\" data-settings=\"{&quot;background_background&quot;:&quot;classic&quot;}\">\n\t\t\t\t\t<div class=\"e-con-inner\">\n\t\t\t\t<div class=\"elementor-element elementor-element-60e5742 elementor-widget elementor-widget-heading\" data-id=\"60e5742\" data-element_type=\"widget\" data-e-type=\"widget\" data-widget_type=\"heading.default\">\n\t\t\t\t<div class=\"elementor-widget-container\">\n\t\t\t\t\t<h4 class=\"elementor-heading-title elementor-size-default\">C\u1ea3m \u01a1n!<\/h4>\t\t\t\t<\/div>\n\t\t\t\t<\/div>\n\t\t\t\t<div class=\"elementor-element elementor-element-6182725 elementor-widget elementor-widget-image\" data-id=\"6182725\" data-element_type=\"widget\" data-e-type=\"widget\" data-widget_type=\"image.default\">\n\t\t\t\t<div class=\"elementor-widget-container\">\n\t\t\t\t\t\t\t\t\t\t\t\t\t\t\t<img decoding=\"async\" width=\"519\" height=\"12\" src=\"https:\/\/welcometothelight.com\/wp-content\/uploads\/2024\/03\/separator-white.webp\" class=\"attachment-large size-large wp-image-338\" alt=\"\" \/>\t\t\t\t\t\t\t\t\t\t\t\t\t\t\t<\/div>\n\t\t\t\t<\/div>\n\t\t\t\t<div class=\"elementor-element elementor-element-af30150 elementor-widget elementor-widget-heading\" data-id=\"af30150\" data-element_type=\"widget\" data-e-type=\"widget\" data-widget_type=\"heading.default\">\n\t\t\t\t<div class=\"elementor-widget-container\">\n\t\t\t\t\t<h3 class=\"elementor-heading-title elementor-size-default\">\u0110\u01a1n \u0111\u0103ng k\u00fd c\u1ee7a b\u1ea1n \u0111\u00e3 \u0111\u01b0\u1ee3c nh\u1eadn v\u00e0 chi\u1ebfc v\u1ecf b\u1ecdc mi\u1ec5n ph\u00ed c\u1ee7a b\u1ea1n s\u1ebd \u0111\u01b0\u1ee3c g\u1eedi \u0111i v\u00e0o cu\u1ed1i th\u00e1ng!<\/h3>\t\t\t\t<\/div>\n\t\t\t\t<\/div>\n\t\t\t\t<div class=\"elementor-element elementor-element-13ea83f elementor-widget elementor-widget-image\" data-id=\"13ea83f\" data-element_type=\"widget\" data-e-type=\"widget\" data-widget_type=\"image.default\">\n\t\t\t\t<div class=\"elementor-widget-container\">\n\t\t\t\t\t\t\t\t\t\t\t\t\t\t\t<img decoding=\"async\" width=\"519\" height=\"12\" src=\"https:\/\/welcometothelight.com\/wp-content\/uploads\/2024\/03\/separator-white.webp\" class=\"attachment-large size-large wp-image-338\" alt=\"\" \/>\t\t\t\t\t\t\t\t\t\t\t\t\t\t\t<\/div>\n\t\t\t\t<\/div>\n\t\t\t\t<div class=\"elementor-element elementor-element-d1b30c2 elementor-widget elementor-widget-heading\" data-id=\"d1b30c2\" data-element_type=\"widget\" data-e-type=\"widget\" data-widget_type=\"heading.default\">\n\t\t\t\t<div class=\"elementor-widget-container\">\n\t\t\t\t\t<h2 class=\"elementor-heading-title elementor-size-default\">H\u00e3y \u0111\u1ea3m b\u1ea3o t\u1ea3i xu\u1ed1ng v\u00e0 chia s\u1ebb t\u1edd r\u01a1i v\u1edbi \u0111\u1ed9i ng\u0169 c\u1ee7a b\u1ea1n.<\/h2>\t\t\t\t<\/div>\n\t\t\t\t<\/div>\n\t\t\t\t<div class=\"elementor-element elementor-element-280ea91 elementor-widget elementor-widget-image\" data-id=\"280ea91\" data-element_type=\"widget\" data-e-type=\"widget\" data-widget_type=\"image.default\">\n\t\t\t\t<div class=\"elementor-widget-container\">\n\t\t\t\t\t\t\t\t\t\t\t\t\t\t\t<img fetchpriority=\"high\" decoding=\"async\" width=\"1080\" height=\"1350\" src=\"https:\/\/welcometothelight.com\/wp-content\/uploads\/2025\/03\/90Day-MaintKit-Momentum.png\" class=\"attachment-large size-large wp-image-5959\" alt=\"\" srcset=\"https:\/\/welcometothelight.com\/wp-content\/uploads\/2025\/03\/90Day-MaintKit-Momentum.png 1080w, https:\/\/welcometothelight.com\/wp-content\/uploads\/2025\/03\/90Day-MaintKit-Momentum-768x960.png 768w\" sizes=\"(max-width: 1080px) 100vw, 1080px\" \/>\t\t\t\t\t\t\t\t\t\t\t\t\t\t\t<\/div>\n\t\t\t\t<\/div>\n\t\t\t\t\t<\/div>\n\t\t\t\t<\/div>\n\t\t\t\t<\/div>","protected":false},"excerpt":{"rendered":"<p>Thank you! Your submission has been received and your FREE sleeve will be mailed out at the end of the month! Make sure to download &amp; share the flyer with your team<\/p>","protected":false},"author":1,"featured_media":6106,"parent":0,"menu_order":0,"comment_status":"closed","ping_status":"closed","template":"","meta":{"site-sidebar-layout":"no-sidebar","site-content-layout":"page-builder","ast-site-content-layout":"full-width-container","site-content-style":"default","site-sidebar-style":"default","ast-global-header-display":"","ast-banner-title-visibility":"","ast-main-header-display":"","ast-hfb-above-header-display":"","ast-hfb-below-header-display":"","ast-hfb-mobile-header-display":"","site-post-title":"disabled","ast-breadcrumbs-content":"","ast-featured-img":"disabled","footer-sml-layout":"","ast-disable-related-posts":"","theme-transparent-header-meta":"","adv-header-id-meta":"","stick-header-meta":"","header-above-stick-meta":"","header-main-stick-meta":"","header-below-stick-meta":"","astra-migrate-meta-layouts":"set","ast-page-background-enabled":"default","ast-page-background-meta":{"desktop":{"background-color":"","background-image":"","background-repeat":"repeat","background-position":"center center","background-size":"auto","background-attachment":"scroll","background-type":"","background-media":"","overlay-type":"","overlay-color":"","overlay-opacity":"","overlay-gradient":""},"tablet":{"background-color":"","background-image":"","background-repeat":"repeat","background-position":"center center","background-size":"auto","background-attachment":"scroll","background-type":"","background-media":"","overlay-type":"","overlay-color":"","overlay-opacity":"","overlay-gradient":""},"mobile":{"background-color":"","background-image":"","background-repeat":"repeat","background-position":"center center","background-size":"auto","background-attachment":"scroll","background-type":"","background-media":"","overlay-type":"","overlay-color":"","overlay-opacity":"","overlay-gradient":""}},"ast-content-background-meta":{"desktop":{"background-color":"var(--ast-global-color-5)","background-image":"","background-repeat":"repeat","background-position":"center center","background-size":"auto","background-attachment":"scroll","background-type":"","background-media":"","overlay-type":"","overlay-color":"","overlay-opacity":"","overlay-gradient":""},"tablet":{"background-color":"var(--ast-global-color-5)","background-image":"","background-repeat":"repeat","background-position":"center center","background-size":"auto","background-attachment":"scroll","background-type":"","background-media":"","overlay-type":"","overlay-color":"","overlay-opacity":"","overlay-gradient":""},"mobile":{"background-color":"var(--ast-global-color-5)","background-image":"","background-repeat":"repeat","background-position":"center center","background-size":"auto","background-attachment":"scroll","background-type":"","background-media":"","overlay-type":"","overlay-color":"","overlay-opacity":"","overlay-gradient":""}},"footnotes":""},"class_list":["post-6142","page","type-page","status-publish","has-post-thumbnail","hentry"],"yoast_head":"<!-- This site is optimized with the Yoast SEO plugin v27.5 - https:\/\/yoast.com\/product\/yoast-seo-wordpress\/ -->\n<title>Team Challenges - Submission - Welcome to The Light<\/title>\n<meta name=\"robots\" content=\"noindex, follow, max-snippet:-1, max-image-preview:large, max-video-preview:-1\" \/>\n<meta property=\"og:locale\" content=\"vi_VN\" \/>\n<meta property=\"og:type\" content=\"article\" \/>\n<meta property=\"og:title\" content=\"Team Challenges - Submission - Welcome to The Light\" \/>\n<meta property=\"og:description\" content=\"Thank you! Your submission has been received and your FREE sleeve will be mailed out at the end of the month! Make sure to download &amp; share the flyer with your team\" \/>\n<meta property=\"og:url\" content=\"https:\/\/welcometothelight.com\/vi\/team-challenges-submission\/\" \/>\n<meta property=\"og:site_name\" content=\"Welcome to The Light\" \/>\n<meta property=\"article:modified_time\" content=\"2025-05-10T15:43:59+00:00\" \/>\n<meta property=\"og:image\" content=\"https:\/\/welcometothelight.com\/wp-content\/uploads\/2025\/05\/handsWithLifewaveCircle.png\" \/>\n\t<meta property=\"og:image:width\" content=\"1200\" \/>\n\t<meta property=\"og:image:height\" content=\"800\" \/>\n\t<meta property=\"og:image:type\" content=\"image\/png\" \/>\n<meta name=\"twitter:card\" content=\"summary_large_image\" \/>\n<meta name=\"twitter:label1\" content=\"\u01af\u1edbc t\u00ednh th\u1eddi gian \u0111\u1ecdc\" \/>\n\t<meta name=\"twitter:data1\" content=\"1 ph\u00fat\" \/>\n<script type=\"application\/ld+json\" class=\"yoast-schema-graph\">{\"@context\":\"https:\\\/\\\/schema.org\",\"@graph\":[{\"@type\":\"WebPage\",\"@id\":\"https:\\\/\\\/welcometothelight.com\\\/team-challenges-submission\\\/\",\"url\":\"https:\\\/\\\/welcometothelight.com\\\/team-challenges-submission\\\/\",\"name\":\"Team Challenges - Submission - Welcome to The Light\",\"isPartOf\":{\"@id\":\"https:\\\/\\\/welcometothelight.com\\\/#website\"},\"primaryImageOfPage\":{\"@id\":\"https:\\\/\\\/welcometothelight.com\\\/team-challenges-submission\\\/#primaryimage\"},\"image\":{\"@id\":\"https:\\\/\\\/welcometothelight.com\\\/team-challenges-submission\\\/#primaryimage\"},\"thumbnailUrl\":\"https:\\\/\\\/welcometothelight.com\\\/wp-content\\\/uploads\\\/2025\\\/05\\\/handsWithLifewaveCircle.png\",\"datePublished\":\"2025-05-07T16:25:23+00:00\",\"dateModified\":\"2025-05-10T15:43:59+00:00\",\"breadcrumb\":{\"@id\":\"https:\\\/\\\/welcometothelight.com\\\/team-challenges-submission\\\/#breadcrumb\"},\"inLanguage\":\"vi\",\"potentialAction\":[{\"@type\":\"ReadAction\",\"target\":[\"https:\\\/\\\/welcometothelight.com\\\/team-challenges-submission\\\/\"]}]},{\"@type\":\"ImageObject\",\"inLanguage\":\"vi\",\"@id\":\"https:\\\/\\\/welcometothelight.com\\\/team-challenges-submission\\\/#primaryimage\",\"url\":\"https:\\\/\\\/welcometothelight.com\\\/wp-content\\\/uploads\\\/2025\\\/05\\\/handsWithLifewaveCircle.png\",\"contentUrl\":\"https:\\\/\\\/welcometothelight.com\\\/wp-content\\\/uploads\\\/2025\\\/05\\\/handsWithLifewaveCircle.png\",\"width\":1200,\"height\":800},{\"@type\":\"BreadcrumbList\",\"@id\":\"https:\\\/\\\/welcometothelight.com\\\/team-challenges-submission\\\/#breadcrumb\",\"itemListElement\":[{\"@type\":\"ListItem\",\"position\":1,\"name\":\"Home\",\"item\":\"https:\\\/\\\/welcometothelight.com\\\/\"},{\"@type\":\"ListItem\",\"position\":2,\"name\":\"Team Challenges &#8211; Submission\"}]},{\"@type\":\"WebSite\",\"@id\":\"https:\\\/\\\/welcometothelight.com\\\/#website\",\"url\":\"https:\\\/\\\/welcometothelight.com\\\/\",\"name\":\"Welcome to The Light\",\"description\":\"Onboarding Website for The Light Team\",\"potentialAction\":[{\"@type\":\"SearchAction\",\"target\":{\"@type\":\"EntryPoint\",\"urlTemplate\":\"https:\\\/\\\/welcometothelight.com\\\/?s={search_term_string}\"},\"query-input\":{\"@type\":\"PropertyValueSpecification\",\"valueRequired\":true,\"valueName\":\"search_term_string\"}}],\"inLanguage\":\"vi\"}]}<\/script>\n<!-- \/ Yoast SEO plugin. -->","yoast_head_json":{"title":"Team Challenges - Submission - Welcome to The Light","robots":{"index":"noindex","follow":"follow","max-snippet":"max-snippet:-1","max-image-preview":"max-image-preview:large","max-video-preview":"max-video-preview:-1"},"og_locale":"vi_VN","og_type":"article","og_title":"Team Challenges - Submission - Welcome to The Light","og_description":"Thank you! Your submission has been received and your FREE sleeve will be mailed out at the end of the month! Make sure to download &amp; share the flyer with your team","og_url":"https:\/\/welcometothelight.com\/vi\/team-challenges-submission\/","og_site_name":"Welcome to The Light","article_modified_time":"2025-05-10T15:43:59+00:00","og_image":[{"width":1200,"height":800,"url":"https:\/\/welcometothelight.com\/wp-content\/uploads\/2025\/05\/handsWithLifewaveCircle.png","type":"image\/png"}],"twitter_card":"summary_large_image","twitter_misc":{"\u01af\u1edbc t\u00ednh th\u1eddi gian \u0111\u1ecdc":"1 ph\u00fat"},"schema":{"@context":"https:\/\/schema.org","@graph":[{"@type":"WebPage","@id":"https:\/\/welcometothelight.com\/team-challenges-submission\/","url":"https:\/\/welcometothelight.com\/team-challenges-submission\/","name":"Team Challenges - Submission - Welcome to The Light","isPartOf":{"@id":"https:\/\/welcometothelight.com\/#website"},"primaryImageOfPage":{"@id":"https:\/\/welcometothelight.com\/team-challenges-submission\/#primaryimage"},"image":{"@id":"https:\/\/welcometothelight.com\/team-challenges-submission\/#primaryimage"},"thumbnailUrl":"https:\/\/welcometothelight.com\/wp-content\/uploads\/2025\/05\/handsWithLifewaveCircle.png","datePublished":"2025-05-07T16:25:23+00:00","dateModified":"2025-05-10T15:43:59+00:00","breadcrumb":{"@id":"https:\/\/welcometothelight.com\/team-challenges-submission\/#breadcrumb"},"inLanguage":"vi","potentialAction":[{"@type":"ReadAction","target":["https:\/\/welcometothelight.com\/team-challenges-submission\/"]}]},{"@type":"ImageObject","inLanguage":"vi","@id":"https:\/\/welcometothelight.com\/team-challenges-submission\/#primaryimage","url":"https:\/\/welcometothelight.com\/wp-content\/uploads\/2025\/05\/handsWithLifewaveCircle.png","contentUrl":"https:\/\/welcometothelight.com\/wp-content\/uploads\/2025\/05\/handsWithLifewaveCircle.png","width":1200,"height":800},{"@type":"BreadcrumbList","@id":"https:\/\/welcometothelight.com\/team-challenges-submission\/#breadcrumb","itemListElement":[{"@type":"ListItem","position":1,"name":"Home","item":"https:\/\/welcometothelight.com\/"},{"@type":"ListItem","position":2,"name":"Team Challenges &#8211; Submission"}]},{"@type":"WebSite","@id":"https:\/\/welcometothelight.com\/#website","url":"https:\/\/welcometothelight.com\/","name":"Ch\u00e0o m\u1eebng \u0111\u1ebfn v\u1edbi The Light","description":"Trang web h\u01b0\u1edbng d\u1eabn cho \u0111\u1ed9i ng\u0169 The Light","potentialAction":[{"@type":"SearchAction","target":{"@type":"EntryPoint","urlTemplate":"https:\/\/welcometothelight.com\/?s={search_term_string}"},"query-input":{"@type":"PropertyValueSpecification","valueRequired":true,"valueName":"search_term_string"}}],"inLanguage":"vi"}]}},"_links":{"self":[{"href":"https:\/\/welcometothelight.com\/vi\/wp-json\/wp\/v2\/pages\/6142","targetHints":{"allow":["GET"]}}],"collection":[{"href":"https:\/\/welcometothelight.com\/vi\/wp-json\/wp\/v2\/pages"}],"about":[{"href":"https:\/\/welcometothelight.com\/vi\/wp-json\/wp\/v2\/types\/page"}],"author":[{"embeddable":true,"href":"https:\/\/welcometothelight.com\/vi\/wp-json\/wp\/v2\/users\/1"}],"replies":[{"embeddable":true,"href":"https:\/\/welcometothelight.com\/vi\/wp-json\/wp\/v2\/comments?post=6142"}],"version-history":[{"count":7,"href":"https:\/\/welcometothelight.com\/vi\/wp-json\/wp\/v2\/pages\/6142\/revisions"}],"predecessor-version":[{"id":6157,"href":"https:\/\/welcometothelight.com\/vi\/wp-json\/wp\/v2\/pages\/6142\/revisions\/6157"}],"wp:featuredmedia":[{"embeddable":true,"href":"https:\/\/welcometothelight.com\/vi\/wp-json\/wp\/v2\/media\/6106"}],"wp:attachment":[{"href":"https:\/\/welcometothelight.com\/vi\/wp-json\/wp\/v2\/media?parent=6142"}],"curies":[{"name":"wp","href":"https:\/\/api.w.org\/{rel}","templated":true}]}}